{"id":15150,"date":"2023-05-08T19:19:12","date_gmt":"2023-05-08T19:19:12","guid":{"rendered":"https:\/\/parquemetropolitano.org\/alquiler-de-salones-ranchos-y-area-verde\/"},"modified":"2025-10-08T19:37:50","modified_gmt":"2025-10-08T19:37:50","slug":"alquiler-de-salones-ranchos-y-area-verde","status":"publish","type":"page","link":"https:\/\/parquemetropolitano.org\/en\/alquiler-de-salones-ranchos-y-area-verde\/","title":{"rendered":"Rent a\u2060 Ranch, Room or Green Space"},"content":{"rendered":"<div class=\"wpb-content-wrapper\"><p>[vc_section full_width=&#8221;stretch_row&#8221; css_animation=&#8221;fadeIn&#8221; conditional_render=&#8221;%5B%7B%22value_role%22%3A%22administrator%22%7D%5D&#8221; css=&#8221;.vc_custom_1685808450666{background-position: center !important;background-repeat: no-repeat !important;background-size: cover !important;}&#8221; el_class=&#8221;banner-header&#8221;][vc_row full_width=&#8221;stretch_row_content_no_spaces&#8221; el_class=&#8221;banner-header&#8221; conditional_render=&#8221;%5B%7B%22value_role%22%3A%22administrator%22%7D%5D&#8221;][vc_column]<div class=\"porto-carousel owl-carousel has-ccols ccols-1 wpb_custom_c86c2fb53cae9eced42d4b8900a042f3 nav-style-2\" data-plugin-options=\"{&quot;stagePadding&quot;:0,&quot;margin&quot;:0,&quot;autoplay&quot;:false,&quot;mouseDrag&quot;:true,&quot;touchDrag&quot;:true,&quot;autoplayTimeout&quot;:5000,&quot;autoplayHoverPause&quot;:false,&quot;items&quot;:1,&quot;lg&quot;:1,&quot;md&quot;:1,&quot;sm&quot;:1,&quot;xs&quot;:1,&quot;nav&quot;:&quot;yes&quot;,&quot;dots&quot;:false,&quot;animateIn&quot;:&quot;&quot;,&quot;animateOut&quot;:&quot;&quot;,&quot;loop&quot;:false,&quot;center&quot;:false,&quot;video&quot;:false,&quot;lazyLoad&quot;:false,&quot;fullscreen&quot;:false}\">[vc_row_inner wrap_container=&#8221;yes&#8221; el_class=&#8221;overlay-header&#8221; css=&#8221;.vc_custom_1759952266115{background-image: url(https://cdn.parquemetropolitano.org/en/https:\/\/parquemetropolitano.org\/wp-content\/uploads\/alquiler.jpg?id=16334) !important;background-position: center !important;background-repeat: no-repeat !important;background-size: cover !important;}&#8221; animation_type=&#8221;fadeIn&#8221;][vc_column_inner el_class=&#8221;text-titulos-header paginas-min&#8221; offset=&#8221;vc_col-md-8&#8243;]<div class=\"porto-u-heading  wpb_custom_a675336cc80548cc234196844c7079cb\" data-hspacer=\"no_spacer\" data-halign=\"left\" style=\"text-align:left\"><div class=\"porto-u-main-heading\"><h2   style=\"color:#ffffff;\">Rent a\u2060 Ranch<\/h2><\/div><div class=\"porto-u-sub-heading\" style=\"color: #ffffff;\">Room or Green Space<\/div><\/div>[\/vc_column_inner][vc_column_inner width=&#8221;1\/2&#8243; offset=&#8221;vc_col-md-4&#8243;][\/vc_column_inner][\/vc_row_inner]<\/div>[\/vc_column][\/vc_row][\/vc_section][vc_section full_width=&#8221;stretch_row&#8221; css=&#8221;.vc_custom_1691421483999{padding-top: 50px !important;padding-bottom: 35px !important;background-position: center !important;background-repeat: no-repeat !important;background-size: cover !important;}&#8221; conditional_render=&#8221;%5B%7B%22value_role%22%3A%22administrator%22%7D%5D&#8221;][vc_row][vc_column conditional_render=&#8221;%5B%7B%22value_role%22%3A%22administrator%22%7D%5D&#8221;][vc_row_inner content_placement=&#8221;middle&#8221;][vc_column_inner offset=&#8221;vc_col-md-6&#8243;][vc_single_image image=&#8221;14052&#8243; img_size=&#8221;full&#8221; alignment=&#8221;center&#8221; css=&#8221;.vc_custom_1686081824845{margin-bottom: 35px !important;}&#8221; el_class=&#8221;img-overlay-2&#8243;][\/vc_column_inner][vc_column_inner el_class=&#8221;pl-lg-5&#8243; offset=&#8221;vc_col-md-6&#8243;][vc_column_text css=&#8221;.vc_custom_1691436799480{padding-bottom: 15px !important;}&#8221; el_class=&#8221;text-justify&#8221;]Rooms, ranches, and green spaces are offered at affordable prices for non-profit organizations, government institutions, private companies and private functions (festivals, weddings, birthdays, and other events).<\/p>\n<p>We have two event rooms with a capacity for 70 to 90 people, two outdoor ranches, and a green space that&#8217;s perfect for weddings, baby showers, family gatherings, workshops, and more.<\/p>\n<p>For inquiries, planning your visit, and prices, contact:[\/vc_column_text]<div class=\"porto-sicon-box  wpb_custom_b6c016cc86e5a37d0ab76ac3780c8dbe style_1 left-icon\"><div class=\"porto-sicon-left\"><div class=\"porto-just-icon-wrapper porto-icon none\" style=\"color:#008636;font-size:20px;\"><i class=\"fas fa-envelope\"><\/i><\/div><\/div><div class=\"porto-sicon-body\"><div class=\"porto-sicon-description\" style=\"\"><strong>Email: <\/strong><a href=\"mailto:grc@parquemetropolitano.org\" target=\"_blank\" rel=\"noopener\">grc@parquemetropolitano.org<\/a><\/div> <!-- description --><\/div><\/div><!-- porto-sicon-box --><div class=\"porto-sicon-box  wpb_custom_b6c016cc86e5a37d0ab76ac3780c8dbe style_1 left-icon\"><div class=\"porto-sicon-left\"><div class=\"porto-just-icon-wrapper porto-icon none\" style=\"color:#008636;font-size:20px;\"><i class=\"fab fa-whatsapp\"><\/i><\/div><\/div><div class=\"porto-sicon-body\"><div class=\"porto-sicon-description\" style=\"\"><strong>Whatsapp: <\/strong><a href=\"https:\/\/api.whatsapp.com\/send?phone=6964-6625&amp;text=\u00a1Hola!%20Estoy%20visitando%20la%20p\u00e1gina%20web%20Parque%20Nacional%20Metroplitano%20y%20deseo%20recibir%20m\u00e1s%20informaci\u00f3n%20sobre%20Alquiler%20de%20salones,%20ranchos%20y%20\u00e1rea%20verde%20.\" target=\"_blank\" rel=\"noopener noreferrer\"> 6964-6625<\/a><\/div> <!-- description --><\/div><\/div><!-- porto-sicon-box -->[\/vc_column_inner][\/vc_row_inner][\/vc_column][\/vc_row][vc_row css=&#8221;.vc_custom_1759951763106{padding-top: 25px !important;padding-bottom: 35px !important;}&#8221; conditional_render=&#8221;%5B%7B%22value_role%22%3A%22administrator%22%7D%5D&#8221; el_class=&#8221;border-imagen&#8221;][vc_column]<div class=\"porto-carousel owl-carousel has-ccols ccols-xl-4 ccols-lg-4 ccols-md-3 ccols-sm-2 ccols-2 wpb_custom_c86c2fb53cae9eced42d4b8900a042f3\" data-plugin-options=\"{&quot;stagePadding&quot;:0,&quot;margin&quot;:0,&quot;autoplay&quot;:&quot;yes&quot;,&quot;mouseDrag&quot;:true,&quot;touchDrag&quot;:true,&quot;autoplayTimeout&quot;:3500,&quot;autoplayHoverPause&quot;:&quot;true&quot;,&quot;items&quot;:4,&quot;lg&quot;:4,&quot;md&quot;:3,&quot;sm&quot;:2,&quot;xs&quot;:2,&quot;nav&quot;:&quot;yes&quot;,&quot;dots&quot;:false,&quot;animateIn&quot;:&quot;&quot;,&quot;animateOut&quot;:&quot;&quot;,&quot;loop&quot;:&quot;yes&quot;,&quot;center&quot;:false,&quot;video&quot;:false,&quot;lazyLoad&quot;:false,&quot;fullscreen&quot;:false}\">[vc_row_inner css=&#8221;.vc_custom_1759951844392{padding-right: 7px !important;padding-left: 7px !important;}&#8221;][vc_column_inner][vc_single_image image=&#8221;16344&#8243; img_size=&#8221;full&#8221; alignment=&#8221;center&#8221; css=&#8221;.vc_custom_1759951926438{margin-bottom: 15px !important;}&#8221;]<div class=\"porto-u-heading  wpb_custom_e6b46661416f8d551a89deecb266fed5\" data-hspacer=\"no_spacer\" data-halign=\"center\" style=\"text-align:center\"><div class=\"porto-u-main-heading\"><h2  >Rancho chico<\/h2><\/div><\/div>[\/vc_column_inner][\/vc_row_inner][vc_row_inner css=&#8221;.vc_custom_1759951844392{padding-right: 7px !important;padding-left: 7px !important;}&#8221;][vc_column_inner][vc_single_image image=&#8221;16346&#8243; img_size=&#8221;full&#8221; alignment=&#8221;center&#8221; css=&#8221;.vc_custom_1759951911314{margin-bottom: 15px !important;}&#8221;]<div class=\"porto-u-heading  wpb_custom_e6b46661416f8d551a89deecb266fed5\" data-hspacer=\"no_spacer\" data-halign=\"center\" style=\"text-align:center\"><div class=\"porto-u-main-heading\"><h2  >Rancho grande<\/h2><\/div><\/div>[\/vc_column_inner][\/vc_row_inner][vc_row_inner css=&#8221;.vc_custom_1759951844392{padding-right: 7px !important;padding-left: 7px !important;}&#8221;][vc_column_inner][vc_single_image image=&#8221;16342&#8243; img_size=&#8221;full&#8221; alignment=&#8221;center&#8221; css=&#8221;.vc_custom_1759951949222{margin-bottom: 15px !important;}&#8221;]<div class=\"porto-u-heading  wpb_custom_e6b46661416f8d551a89deecb266fed5\" data-hspacer=\"no_spacer\" data-halign=\"center\" style=\"text-align:center\"><div class=\"porto-u-main-heading\"><h2  >Sal\u00f3n las orop\u00e9ndolas<\/h2><\/div><\/div>[\/vc_column_inner][\/vc_row_inner][vc_row_inner css=&#8221;.vc_custom_1759951844392{padding-right: 7px !important;padding-left: 7px !important;}&#8221;][vc_column_inner][vc_single_image image=&#8221;16336&#8243; img_size=&#8221;full&#8221; alignment=&#8221;center&#8221; css=&#8221;.vc_custom_1759951991616{margin-bottom: 15px !important;}&#8221;]<div class=\"porto-u-heading  wpb_custom_e6b46661416f8d551a89deecb266fed5\" data-hspacer=\"no_spacer\" data-halign=\"center\" style=\"text-align:center\"><div class=\"porto-u-main-heading\"><h2  >Sal\u00f3n Elena Guardia Lombardo<\/h2><\/div><\/div>[\/vc_column_inner][\/vc_row_inner][vc_row_inner css=&#8221;.vc_custom_1759951844392{padding-right: 7px !important;padding-left: 7px !important;}&#8221;][vc_column_inner][vc_single_image image=&#8221;16338&#8243; img_size=&#8221;full&#8221; alignment=&#8221;center&#8221; css=&#8221;.vc_custom_1759952033816{margin-bottom: 15px !important;}&#8221;]<div class=\"porto-u-heading  wpb_custom_e6b46661416f8d551a89deecb266fed5\" data-hspacer=\"no_spacer\" data-halign=\"center\" style=\"text-align:center\"><div class=\"porto-u-main-heading\"><h2  >\u00c1rea verde<\/h2><\/div><\/div>[\/vc_column_inner][\/vc_row_inner][vc_row_inner css=&#8221;.vc_custom_1759951844392{padding-right: 7px !important;padding-left: 7px !important;}&#8221;][vc_column_inner][vc_single_image image=&#8221;16340&#8243; img_size=&#8221;full&#8221; alignment=&#8221;center&#8221; css=&#8221;.vc_custom_1759952065126{margin-bottom: 15px !important;}&#8221;]<div class=\"porto-u-heading  wpb_custom_e6b46661416f8d551a89deecb266fed5\" data-hspacer=\"no_spacer\" data-halign=\"center\" style=\"text-align:center\"><div class=\"porto-u-main-heading\"><h2  >Lobby del Sal\u00f3n Elena Guardia del Lombardo<\/h2><\/div><\/div>[\/vc_column_inner][\/vc_row_inner]<\/div>[\/vc_column][\/vc_row][\/vc_section][vc_section full_width=&#8221;stretch_row&#8221; conditional_render=&#8221;%5B%7B%22value_role%22%3A%22administrator%22%7D%5D&#8221; el_class=&#8221;quitar-padding background-midle&#8221;][vc_row wrap_container=&#8221;yes&#8221; conditional_render=&#8221;%5B%7B%22value_role%22%3A%22administrator%22%7D%5D&#8221;][vc_column]<div class=\"porto-block\" data-id=\"15169\"><style>.vc_custom_1685739207517{margin-bottom: 35px !important;}.vc_custom_1683145930836{padding-top: 35px !important;padding-bottom: 35px !important;}.vc_custom_1683145340469{padding-top: 15px !important;}.vc_custom_1683145333378{padding-left: 35px !important;}.vc_custom_1689866120381{padding-top: 35px !important;padding-bottom: 35px !important;}.wpb_custom_14191c946306147b20b3468cd1df1536 .porto-u-sub-heading{font-size:20px;line-height:25px;}<\/style><p>[vc_row wrap_container=\"yes\" animation_duration=\"2000\" animation_delay=\"200\" conditional_render=\"%5B%7B%22value_role%22%3A%22administrator%22%7D%5D\" el_class=\"cta-fonto up\" animation_type=\"fadeInUp\" css=\".vc_custom_1685739207517{margin-bottom: 35px !important;}\"][vc_column][vc_row_inner content_placement=\"middle\" wrap_container=\"yes\" css=\".vc_custom_1683145930836{padding-top: 35px !important;padding-bottom: 35px !important;}\"][vc_column_inner width=\"7\/12\" css=\".vc_custom_1683145340469{padding-top: 15px !important;}\"]<div class=\"porto-u-heading text-cta  wpb_custom_14191c946306147b20b3468cd1df1536\" data-hspacer=\"no_spacer\" data-halign=\"center\" style=\"text-align:center\"><div class=\"porto-u-main-heading\"><h2   style=\"color:#ffffff;\">Visit our trails<\/h2><\/div><div class=\"porto-u-sub-heading\" style=\"color: #ffffff;margin-bottom:0px;\">Experience something unique<\/div><\/div>[\/vc_column_inner][vc_column_inner width=\"5\/12\" css=\".vc_custom_1683145333378{padding-left: 35px !important;}\"][vc_column_text css=\".vc_custom_1689866120381{padding-top: 35px !important;padding-bottom: 35px !important;}\" el_class=\"btn-center-2\"]<\/p>\r\n<div class=\"btn-formato\"><a class=\"btn-corner_btn light\" href=\"https:\/\/parquemetropolitano.org\/en\/atractivos\/\">TRAIL MAP<\/a><\/div>\r\n<p>[\/vc_column_text][\/vc_column_inner][\/vc_row_inner][\/vc_column][\/vc_row]<\/p>\r\n<\/div>[\/vc_column][\/vc_row][\/vc_section]<\/p>\n<\/div>","protected":false},"excerpt":{"rendered":"<p>[vc_section full_width=&#8221;stretch_row&#8221; css_animation=&#8221;fadeIn&#8221; conditional_render=&#8221;%5B%7B%22value_role%22%3A%22administrator%22%7D%5D&#8221; css=&#8221;.vc_custom_1685808450666{background-position: center !important;background-repeat: no-repeat !important;background-size: cover !important;}&#8221; el_class=&#8221;banner-header&#8221;][vc_row full_width=&#8221;stretch_row_content_no_spaces&#8221; el_class=&#8221;banner-header&#8221; conditional_render=&#8221;%5B%7B%22value_role%22%3A%22administrator%22%7D%5D&#8221;][vc_column][\/vc_column][\/vc_row][\/vc_section][vc_section full_width=&#8221;stretch_row&#8221; css=&#8221;.vc_custom_1691421483999{padding-top: 50px !important;padding-bottom: 35px !important;background-position: center !important;background-repeat: no-repeat !important;background-size: cover !important;}&#8221; conditional_render=&#8221;%5B%7B%22value_role%22%3A%22administrator%22%7D%5D&#8221;][vc_row][vc_column conditional_render=&#8221;%5B%7B%22value_role%22%3A%22administrator%22%7D%5D&#8221;][vc_row_inner content_placement=&#8221;middle&#8221;][vc_column_inner offset=&#8221;vc_col-md-6&#8243;][vc_single_image image=&#8221;14052&#8243; img_size=&#8221;full&#8221; alignment=&#8221;center&#8221; css=&#8221;.vc_custom_1686081824845{margin-bottom: 35px !important;}&#8221; el_class=&#8221;img-overlay-2&#8243;][\/vc_column_inner][vc_column_inner el_class=&#8221;pl-lg-5&#8243; offset=&#8221;vc_col-md-6&#8243;][vc_column_text css=&#8221;.vc_custom_1691436799480{padding-bottom: 15px !important;}&#8221; el_class=&#8221;text-justify&#8221;]Rooms, ranches, and green spaces are offered at affordable prices for non-profit [&hellip;]<\/p>\n","protected":false},"author":1,"featured_media":0,"parent":0,"menu_order":0,"comment_status":"closed","ping_status":"closed","template":"","meta":{"inline_featured_image":false,"footnotes":""},"class_list":["post-15150","page","type-page","status-publish","hentry"],"yoast_head":"<!-- This site is optimized with the Yoast SEO plugin v26.1.1 - https:\/\/yoast.com\/wordpress\/plugins\/seo\/ -->\n<title>Rent a\u2060 Ranch, Room or Green Space - Parque Natural Metropolitano<\/title>\n<meta name=\"robots\" content=\"index, follow, max-snippet:-1, max-image-preview:large, max-video-preview:-1\" \/>\n<link rel=\"canonical\" href=\"https:\/\/parquemetropolitano.org\/alquiler-de-salones-ranchos-y-area-verde\/\" \/>\n<meta property=\"og:locale\" content=\"en_US\" \/>\n<meta property=\"og:type\" content=\"article\" \/>\n<meta property=\"og:title\" content=\"Rent a\u2060 Ranch, Room or Green Space - Parque Natural Metropolitano\" \/>\n<meta property=\"og:description\" content=\"[vc_section full_width=&#8221;stretch_row&#8221; css_animation=&#8221;fadeIn&#8221; conditional_render=&#8221;%5B%7B%22value_role%22%3A%22administrator%22%7D%5D&#8221; css=&#8221;.vc_custom_1685808450666{background-position: center !important;background-repeat: no-repeat !important;background-size: cover !important;}&#8221; el_class=&#8221;banner-header&#8221;][vc_row full_width=&#8221;stretch_row_content_no_spaces&#8221; el_class=&#8221;banner-header&#8221; conditional_render=&#8221;%5B%7B%22value_role%22%3A%22administrator%22%7D%5D&#8221;][vc_column][\/vc_column][\/vc_row][\/vc_section][vc_section full_width=&#8221;stretch_row&#8221; css=&#8221;.vc_custom_1691421483999{padding-top: 50px !important;padding-bottom: 35px !important;background-position: center !important;background-repeat: no-repeat !important;background-size: cover !important;}&#8221; conditional_render=&#8221;%5B%7B%22value_role%22%3A%22administrator%22%7D%5D&#8221;][vc_row][vc_column conditional_render=&#8221;%5B%7B%22value_role%22%3A%22administrator%22%7D%5D&#8221;][vc_row_inner content_placement=&#8221;middle&#8221;][vc_column_inner offset=&#8221;vc_col-md-6&#8243;][vc_single_image image=&#8221;14052&#8243; img_size=&#8221;full&#8221; alignment=&#8221;center&#8221; css=&#8221;.vc_custom_1686081824845{margin-bottom: 35px !important;}&#8221; el_class=&#8221;img-overlay-2&#8243;][\/vc_column_inner][vc_column_inner el_class=&#8221;pl-lg-5&#8243; offset=&#8221;vc_col-md-6&#8243;][vc_column_text css=&#8221;.vc_custom_1691436799480{padding-bottom: 15px !important;}&#8221; el_class=&#8221;text-justify&#8221;]Rooms, ranches, and green spaces are offered at affordable prices for non-profit [&hellip;]\" \/>\n<meta property=\"og:url\" content=\"https:\/\/parquemetropolitano.org\/alquiler-de-salones-ranchos-y-area-verde\/\" \/>\n<meta property=\"og:site_name\" content=\"Parque Natural Metropolitano\" \/>\n<meta property=\"article:publisher\" content=\"https:\/\/www.facebook.com\/pnmpanama\" \/>\n<meta property=\"article:modified_time\" content=\"2025-10-08T19:37:50+00:00\" \/>\n<meta property=\"og:image\" content=\"https:\/\/cdn.parquemetropolitano.org\/wp-content\/uploads\/12.jpg\" \/>\n\t<meta property=\"og:image:width\" content=\"1200\" \/>\n\t<meta property=\"og:image:height\" content=\"675\" \/>\n\t<meta property=\"og:image:type\" content=\"image\/jpeg\" \/>\n<meta name=\"twitter:card\" content=\"summary_large_image\" \/>\n<meta name=\"twitter:label1\" content=\"Est. reading time\" \/>\n\t<meta name=\"twitter:data1\" content=\"2 minutes\" \/>\n<script type=\"application\/ld+json\" class=\"yoast-schema-graph\">{\"@context\":\"https:\/\/schema.org\",\"@graph\":[{\"@type\":\"WebPage\",\"@id\":\"https:\/\/parquemetropolitano.org\/alquiler-de-salones-ranchos-y-area-verde\/\",\"url\":\"https:\/\/parquemetropolitano.org\/alquiler-de-salones-ranchos-y-area-verde\/\",\"name\":\"Rent a\u2060 Ranch, Room or Green Space - Parque Natural Metropolitano\",\"isPartOf\":{\"@id\":\"https:\/\/parquemetropolitano.org\/#website\"},\"datePublished\":\"2023-05-08T19:19:12+00:00\",\"dateModified\":\"2025-10-08T19:37:50+00:00\",\"breadcrumb\":{\"@id\":\"https:\/\/parquemetropolitano.org\/alquiler-de-salones-ranchos-y-area-verde\/#breadcrumb\"},\"inLanguage\":\"en-US\",\"potentialAction\":[{\"@type\":\"ReadAction\",\"target\":[\"https:\/\/parquemetropolitano.org\/alquiler-de-salones-ranchos-y-area-verde\/\"]}]},{\"@type\":\"BreadcrumbList\",\"@id\":\"https:\/\/parquemetropolitano.org\/alquiler-de-salones-ranchos-y-area-verde\/#breadcrumb\",\"itemListElement\":[{\"@type\":\"ListItem\",\"position\":1,\"name\":\"Portada\",\"item\":\"https:\/\/parquemetropolitano.org\/en\/\"},{\"@type\":\"ListItem\",\"position\":2,\"name\":\"Rent a\u2060 Ranch, Room or Green Space\"}]},{\"@type\":\"WebSite\",\"@id\":\"https:\/\/parquemetropolitano.org\/#website\",\"url\":\"https:\/\/parquemetropolitano.org\/\",\"name\":\"Parque Natural Metropolitano\",\"description\":\"Pulm\u00f3n de la Ciudad de Panam\u00e1\",\"publisher\":{\"@id\":\"https:\/\/parquemetropolitano.org\/#organization\"},\"potentialAction\":[{\"@type\":\"SearchAction\",\"target\":{\"@type\":\"EntryPoint\",\"urlTemplate\":\"https:\/\/parquemetropolitano.org\/?s={search_term_string}\"},\"query-input\":{\"@type\":\"PropertyValueSpecification\",\"valueRequired\":true,\"valueName\":\"search_term_string\"}}],\"inLanguage\":\"en-US\"},{\"@type\":\"Organization\",\"@id\":\"https:\/\/parquemetropolitano.org\/#organization\",\"name\":\"Parque Natural Metropolitano\",\"url\":\"https:\/\/parquemetropolitano.org\/\",\"logo\":{\"@type\":\"ImageObject\",\"inLanguage\":\"en-US\",\"@id\":\"https:\/\/parquemetropolitano.org\/#\/schema\/logo\/image\/\",\"url\":\"https:\/\/cdn.parquemetropolitano.org\/wp-content\/uploads\/logo.png\",\"contentUrl\":\"https:\/\/cdn.parquemetropolitano.org\/wp-content\/uploads\/logo.png\",\"width\":160,\"height\":120,\"caption\":\"Parque Natural Metropolitano\"},\"image\":{\"@id\":\"https:\/\/parquemetropolitano.org\/#\/schema\/logo\/image\/\"},\"sameAs\":[\"https:\/\/www.facebook.com\/pnmpanama\",\"https:\/\/www.instagram.com\/pnmpanama\/\"]}]}<\/script>\n<!-- \/ Yoast SEO plugin. -->","yoast_head_json":{"title":"Rent a\u2060 Ranch, Room or Green Space - Parque Natural Metropolitano","robots":{"index":"index","follow":"follow","max-snippet":"max-snippet:-1","max-image-preview":"max-image-preview:large","max-video-preview":"max-video-preview:-1"},"canonical":"https:\/\/parquemetropolitano.org\/alquiler-de-salones-ranchos-y-area-verde\/","og_locale":"en_US","og_type":"article","og_title":"Rent a\u2060 Ranch, Room or Green Space - Parque Natural Metropolitano","og_description":"[vc_section full_width=&#8221;stretch_row&#8221; css_animation=&#8221;fadeIn&#8221; conditional_render=&#8221;%5B%7B%22value_role%22%3A%22administrator%22%7D%5D&#8221; css=&#8221;.vc_custom_1685808450666{background-position: center !important;background-repeat: no-repeat !important;background-size: cover !important;}&#8221; el_class=&#8221;banner-header&#8221;][vc_row full_width=&#8221;stretch_row_content_no_spaces&#8221; el_class=&#8221;banner-header&#8221; conditional_render=&#8221;%5B%7B%22value_role%22%3A%22administrator%22%7D%5D&#8221;][vc_column][\/vc_column][\/vc_row][\/vc_section][vc_section full_width=&#8221;stretch_row&#8221; css=&#8221;.vc_custom_1691421483999{padding-top: 50px !important;padding-bottom: 35px !important;background-position: center !important;background-repeat: no-repeat !important;background-size: cover !important;}&#8221; conditional_render=&#8221;%5B%7B%22value_role%22%3A%22administrator%22%7D%5D&#8221;][vc_row][vc_column conditional_render=&#8221;%5B%7B%22value_role%22%3A%22administrator%22%7D%5D&#8221;][vc_row_inner content_placement=&#8221;middle&#8221;][vc_column_inner offset=&#8221;vc_col-md-6&#8243;][vc_single_image image=&#8221;14052&#8243; img_size=&#8221;full&#8221; alignment=&#8221;center&#8221; css=&#8221;.vc_custom_1686081824845{margin-bottom: 35px !important;}&#8221; el_class=&#8221;img-overlay-2&#8243;][\/vc_column_inner][vc_column_inner el_class=&#8221;pl-lg-5&#8243; offset=&#8221;vc_col-md-6&#8243;][vc_column_text css=&#8221;.vc_custom_1691436799480{padding-bottom: 15px !important;}&#8221; el_class=&#8221;text-justify&#8221;]Rooms, ranches, and green spaces are offered at affordable prices for non-profit [&hellip;]","og_url":"https:\/\/parquemetropolitano.org\/alquiler-de-salones-ranchos-y-area-verde\/","og_site_name":"Parque Natural Metropolitano","article_publisher":"https:\/\/www.facebook.com\/pnmpanama","article_modified_time":"2025-10-08T19:37:50+00:00","og_image":[{"width":1200,"height":675,"url":"https:\/\/cdn.parquemetropolitano.org\/wp-content\/uploads\/12.jpg","type":"image\/jpeg"}],"twitter_card":"summary_large_image","twitter_misc":{"Est. reading time":"2 minutes"},"schema":{"@context":"https:\/\/schema.org","@graph":[{"@type":"WebPage","@id":"https:\/\/parquemetropolitano.org\/alquiler-de-salones-ranchos-y-area-verde\/","url":"https:\/\/parquemetropolitano.org\/alquiler-de-salones-ranchos-y-area-verde\/","name":"Rent a\u2060 Ranch, Room or Green Space - Parque Natural Metropolitano","isPartOf":{"@id":"https:\/\/parquemetropolitano.org\/#website"},"datePublished":"2023-05-08T19:19:12+00:00","dateModified":"2025-10-08T19:37:50+00:00","breadcrumb":{"@id":"https:\/\/parquemetropolitano.org\/alquiler-de-salones-ranchos-y-area-verde\/#breadcrumb"},"inLanguage":"en-US","potentialAction":[{"@type":"ReadAction","target":["https:\/\/parquemetropolitano.org\/alquiler-de-salones-ranchos-y-area-verde\/"]}]},{"@type":"BreadcrumbList","@id":"https:\/\/parquemetropolitano.org\/alquiler-de-salones-ranchos-y-area-verde\/#breadcrumb","itemListElement":[{"@type":"ListItem","position":1,"name":"Portada","item":"https:\/\/parquemetropolitano.org\/en\/"},{"@type":"ListItem","position":2,"name":"Rent a\u2060 Ranch, Room or Green Space"}]},{"@type":"WebSite","@id":"https:\/\/parquemetropolitano.org\/#website","url":"https:\/\/parquemetropolitano.org\/","name":"Parque Natural Metropolitano","description":"Pulm\u00f3n de la Ciudad de Panam\u00e1","publisher":{"@id":"https:\/\/parquemetropolitano.org\/#organization"},"potentialAction":[{"@type":"SearchAction","target":{"@type":"EntryPoint","urlTemplate":"https:\/\/parquemetropolitano.org\/?s={search_term_string}"},"query-input":{"@type":"PropertyValueSpecification","valueRequired":true,"valueName":"search_term_string"}}],"inLanguage":"en-US"},{"@type":"Organization","@id":"https:\/\/parquemetropolitano.org\/#organization","name":"Parque Natural Metropolitano","url":"https:\/\/parquemetropolitano.org\/","logo":{"@type":"ImageObject","inLanguage":"en-US","@id":"https:\/\/parquemetropolitano.org\/#\/schema\/logo\/image\/","url":"https:\/\/cdn.parquemetropolitano.org\/wp-content\/uploads\/logo.png","contentUrl":"https:\/\/cdn.parquemetropolitano.org\/wp-content\/uploads\/logo.png","width":160,"height":120,"caption":"Parque Natural Metropolitano"},"image":{"@id":"https:\/\/parquemetropolitano.org\/#\/schema\/logo\/image\/"},"sameAs":["https:\/\/www.facebook.com\/pnmpanama","https:\/\/www.instagram.com\/pnmpanama\/"]}]}},"_links":{"self":[{"href":"https:\/\/parquemetropolitano.org\/en\/wp-json\/wp\/v2\/pages\/15150","targetHints":{"allow":["GET"]}}],"collection":[{"href":"https:\/\/parquemetropolitano.org\/en\/wp-json\/wp\/v2\/pages"}],"about":[{"href":"https:\/\/parquemetropolitano.org\/en\/wp-json\/wp\/v2\/types\/page"}],"author":[{"embeddable":true,"href":"https:\/\/parquemetropolitano.org\/en\/wp-json\/wp\/v2\/users\/1"}],"replies":[{"embeddable":true,"href":"https:\/\/parquemetropolitano.org\/en\/wp-json\/wp\/v2\/comments?post=15150"}],"version-history":[{"count":2,"href":"https:\/\/parquemetropolitano.org\/en\/wp-json\/wp\/v2\/pages\/15150\/revisions"}],"predecessor-version":[{"id":16351,"href":"https:\/\/parquemetropolitano.org\/en\/wp-json\/wp\/v2\/pages\/15150\/revisions\/16351"}],"wp:attachment":[{"href":"https:\/\/parquemetropolitano.org\/en\/wp-json\/wp\/v2\/media?parent=15150"}],"curies":[{"name":"wp","href":"https:\/\/api.w.org\/{rel}","templated":true}]}}